{"id":20,"date":"2025-02-03T12:13:20","date_gmt":"2025-02-03T12:13:20","guid":{"rendered":"https:\/\/qmbled.hu\/?page_id=20"},"modified":"2025-02-03T12:13:20","modified_gmt":"2025-02-03T12:13:20","slug":"qmbled","status":"publish","type":"page","link":"https:\/\/qmbled.hu\/?page_id=20","title":{"rendered":"QMBLED"},"content":{"rendered":"\n<div class=\"wp-block-group alignfull has-accent-background-color has-background has-global-padding is-layout-constrained wp-container-core-group-is-layout-669513ed wp-block-group-is-layout-constrained\" style=\"margin-top:0;margin-bottom:0;padding-top:var(--wp--preset--spacing--50);padding-right:var(--wp--preset--spacing--50);padding-bottom:var(--wp--preset--spacing--50);padding-left:var(--wp--preset--spacing--50)\">\n<div class=\"wp-block-columns alignwide is-layout-flex wp-container-core-columns-is-layout-1da03c2a wp-block-columns-is-layout-flex\">\n<div class=\"wp-block-column is-vertically-aligned-stretch is-layout-flow wp-block-column-is-layout-flow\" style=\"flex-basis:50%\">\n<div class=\"wp-block-group is-vertical is-content-justification-stretch is-layout-flex wp-container-core-group-is-layout-444d5ee8 wp-block-group-is-layout-flex\" style=\"min-height:100%\">\n<p class=\"has-heading-font-family has-medium-font-size\" style=\"line-height:1.2\">\u201eA kedvezm\u00e9nyezett neve: QMB Led Kft.<\/p>\n\n\n\n<p>A projekt c\u00edme: QMB Led Kft. kapacit\u00e1sb\u0151v\u00edt\u0151 projektje \u2013 2022<\/p>\n\n\n\n<p>A projekt c\u00e9lja: Versenyk\u00e9pess\u00e9g n\u00f6vel\u00e9s \u00e9rdek\u00e9ben eszk\u00f6zbeszerz\u00e9s t\u00f6rt\u00e9nt: RedSpy 3.0 Camera rendszer beszerz\u00e9se \u00e9s \u00fczembe helyez\u00e9se t\u00f6rt\u00e9nt meg.<\/p>\n\n\n\n<p>A szerz\u0151d\u00f6tt t\u00e1mogat\u00e1s \u00f6sszege: 10 000 000 Ft<\/p>\n\n\n\n<p>A t\u00e1mogat\u00e1s m\u00e9rt\u00e9ke: 66,738315<\/p>\n\n\n\n<p>A projekt t\u00e9nyleges fizikai befejez\u00e9se: 2023.02.24.<\/p>\n\n\n\n<p class=\"has-heading-font-family has-medium-font-size\" style=\"line-height:1.2\">A projekt azonos\u00edt\u00f3 sz\u00e1ma: GINOP_PLUSZ-1.2.2-22-2022-00384<\/p>\n\n\n\n<div class=\"wp-block-group has-global-padding is-content-justification-left is-layout-constrained wp-container-core-group-is-layout-9fe8ed88 wp-block-group-is-layout-constrained\">\n<div class=\"wp-block-buttons is-layout-flex wp-block-buttons-is-layout-flex\"><\/div>\n<\/div>\n<\/div>\n<\/div>\n\n\n\n<div class=\"wp-block-column is-vertically-aligned-center is-layout-flow wp-block-column-is-layout-flow\" style=\"flex-basis:50%\">\n<figure class=\"wp-block-image size-large\"><img loading=\"lazy\" decoding=\"async\" width=\"1024\" height=\"725\" src=\"https:\/\/qmbled.hu\/wp-content\/uploads\/2025\/01\/qmb3-1024x725.png\" alt=\"\" class=\"wp-image-10\" srcset=\"https:\/\/qmbled.hu\/wp-content\/uploads\/2025\/01\/qmb3-1024x725.png 1024w, https:\/\/qmbled.hu\/wp-content\/uploads\/2025\/01\/qmb3-300x213.png 300w, https:\/\/qmbled.hu\/wp-content\/uploads\/2025\/01\/qmb3-768x544.png 768w, https:\/\/qmbled.hu\/wp-content\/uploads\/2025\/01\/qmb3.png 1437w\" sizes=\"auto, (max-width: 1024px) 100vw, 1024px\" \/><\/figure>\n<\/div>\n<\/div>\n<\/div>\n","protected":false},"excerpt":{"rendered":"<p>\u201eA kedvezm\u00e9nyezett neve: QMB Led Kft. A projekt c\u00edme: QMB Led Kft. kapacit\u00e1sb\u0151v\u00edt\u0151 projektje \u2013 2022 A projekt c\u00e9lja: Versenyk\u00e9pess\u00e9g n\u00f6vel\u00e9s \u00e9rdek\u00e9ben eszk\u00f6zbeszerz\u00e9s t\u00f6rt\u00e9nt: RedSpy 3.0 Camera rendszer beszerz\u00e9se \u00e9s \u00fczembe helyez\u00e9se t\u00f6rt\u00e9nt meg. A szerz\u0151d\u00f6tt t\u00e1mogat\u00e1s \u00f6sszege: 10 000 000 Ft A t\u00e1mogat\u00e1s m\u00e9rt\u00e9ke: 66,738315 A projekt t\u00e9nyleges fizikai befejez\u00e9se: 2023.02.24. A projekt azonos\u00edt\u00f3 [&hellip;]<\/p>\n","protected":false},"author":1,"featured_media":0,"parent":0,"menu_order":0,"comment_status":"closed","ping_status":"closed","template":"","meta":{"footnotes":""},"class_list":["post-20","page","type-page","status-publish","hentry"],"_links":{"self":[{"href":"https:\/\/qmbled.hu\/index.php?rest_route=\/wp\/v2\/pages\/20","targetHints":{"allow":["GET"]}}],"collection":[{"href":"https:\/\/qmbled.hu\/index.php?rest_route=\/wp\/v2\/pages"}],"about":[{"href":"https:\/\/qmbled.hu\/index.php?rest_route=\/wp\/v2\/types\/page"}],"author":[{"embeddable":true,"href":"https:\/\/qmbled.hu\/index.php?rest_route=\/wp\/v2\/users\/1"}],"replies":[{"embeddable":true,"href":"https:\/\/qmbled.hu\/index.php?rest_route=%2Fwp%2Fv2%2Fcomments&post=20"}],"version-history":[{"count":1,"href":"https:\/\/qmbled.hu\/index.php?rest_route=\/wp\/v2\/pages\/20\/revisions"}],"predecessor-version":[{"id":22,"href":"https:\/\/qmbled.hu\/index.php?rest_route=\/wp\/v2\/pages\/20\/revisions\/22"}],"wp:attachment":[{"href":"https:\/\/qmbled.hu\/index.php?rest_route=%2Fwp%2Fv2%2Fmedia&parent=20"}],"curies":[{"name":"wp","href":"https:\/\/api.w.org\/{rel}","templated":true}]}}